

{"id":85,"date":"2024-01-17T17:55:30","date_gmt":"2024-01-17T16:55:30","guid":{"rendered":"https:\/\/project.inria.fr\/thinkbeforeloading\/?page_id=85"},"modified":"2024-01-18T16:45:58","modified_gmt":"2024-01-18T15:45:58","slug":"les-autrices-et-auteurs","status":"publish","type":"page","link":"https:\/\/thinkbeforeloading.loria.fr\/fr\/les-autrices-et-auteurs\/","title":{"rendered":"Les autrices et auteurs"},"content":{"rendered":"<p>Imad Assayakh, doctorant au LCOMS (Universit\u00e9 de Lorraine).<\/p>\n\n\n\n<p>Melike Ayd\u0131nl\u0131lar, doctorante au Loria (CNRS, Inria, Universit\u00e9 de Lorraine). <\/p>\n\n\n\n<p>Alaaeddine Chaoub, doctorant au Loria (CNRS, Inria, Universit\u00e9 de Lorraine). <\/p>\n\n\n\n<p>Hee-Soo Choi, doctorante \u00e0 l\u2019ATILF (CNRS, Universit\u00e9 de Lorraine) et au Loria (CNRS, Inria, Universit\u00e9 de Lorraine)<\/p>\n\n\n\n<p>Guillaume Coiffier, doctorant au Loria (CNRS, Inria, Universit\u00e9 de Lorraine).<\/p>\n\n\n\n<p>Marie Cousin, doctorante au Loria (CNRS, Inria, Universit\u00e9 de Lorraine). <\/p>\n\n\n\n<p>Amandine Decker, doctorante au Loria (CNRS, Inria, Universit\u00e9 de Lorraine). <\/p>\n\n\n\n<p>Philippe Flores, doctorant au CRAN (CNRS, Universit\u00e9 de Lorraine).<\/p>\n\n\n\n<p>Joann\u00e8s Guichon, doctorant au Loria (CNRS, Inria, Universit\u00e9 de Lorraine). <\/p>\n\n\n\n<p>Kelvin Han, doctorant au Loria (CNRS, Inria, Universit\u00e9 de Lorraine). <\/p>\n\n\n\n<p>Nicolas Leutwyler, doctorant au CRAN (CNRS, Universit\u00e9 de Lorraine).<\/p>\n\n\n\n<p>Florian Marchal-Bornert, doctorant au Loria (CNRS, Inria, Universit\u00e9 de Lorraine).<\/p>\n\n\n\n<p>Sewade Ogun, doctorant au Loria (CNRS, Inria, Universit\u00e9 de Lorraine).<\/p>\n\n\n\n<p>Pierre-Antoine Rault, doctorant au Loria (CNRS, Inria, Universit\u00e9 de Lorraine).<\/p>\n\n\n\n<p>Valentin D. Richard, doctorant au Loria (CNRS, Inria, Universit\u00e9 de Lorraine). <\/p>\n\n\n\n<p>Aman Sinha, doctorant \u00e0 l\u2019IECL (CNRS, Universit\u00e9 de Lorraine).<\/p>\n\n\n\n<p>William Soto, doctorant au Loria (CNRS, Inria, Universit\u00e9 de Lorraine).<\/p>\n\n\n\n<p>C\u00e9lina Treuillier, doctorante au Loria (CNRS, Inria, Universit\u00e9 de Lorraine).<\/p>\n\n\n\n<p>Priyansh Trivedi, doctorant au Loria (CNRS, Inria, Universit\u00e9 de Lorraine).<\/p>\n\n\n\n<p>Ath\u00e9na\u00efs Vaginay, doctorante au Loria (CNRS, Inria, Universit\u00e9 de Lorraine).<\/p>\n\n\n\n<p>Leo Valque, doctorant au Loria (CNRS, Inria, Universit\u00e9 de Lorraine).<\/p>\n\n\n\n<p>Diego Vega, doctorant au Loria (CNRS, Inria, Universit\u00e9 de Lorraine).<\/p>\n\n\n\n<p>Aya Yaacoub, doctorante au Loria (CNRS, Inria, Universit\u00e9 de Lorraine).<\/p>","protected":false},"excerpt":{"rendered":"<p>Imad Assayakh, doctorant au LCOMS (Universit\u00e9 de Lorraine). Melike Ayd\u0131nl\u0131lar, doctorante au Loria (CNRS, Inria, Universit\u00e9 de Lorraine). Alaaeddine Chaoub, doctorant au Loria (CNRS, Inria, Universit\u00e9 de Lorraine). Hee-Soo Choi, doctorante \u00e0 l\u2019ATILF (CNRS, Universit\u00e9 de Lorraine) et au Loria (CNRS, Inria, Universit\u00e9 de Lorraine) Guillaume Coiffier, doctorant au Loria\u2026<\/p>\n<p> <a class=\"continue-reading-link\" href=\"https:\/\/thinkbeforeloading.loria.fr\/fr\/les-autrices-et-auteurs\/\"><span>Continue reading<\/span><i class=\"crycon-right-dir\"><\/i><\/a> <\/p>\n","protected":false},"author":1965,"featured_media":0,"parent":0,"menu_order":0,"comment_status":"closed","ping_status":"closed","template":"","meta":{"footnotes":""},"class_list":["post-85","page","type-page","status-publish","hentry"],"_links":{"self":[{"href":"https:\/\/thinkbeforeloading.loria.fr\/fr\/wp-json\/wp\/v2\/pages\/85","targetHints":{"allow":["GET"]}}],"collection":[{"href":"https:\/\/thinkbeforeloading.loria.fr\/fr\/wp-json\/wp\/v2\/pages"}],"about":[{"href":"https:\/\/thinkbeforeloading.loria.fr\/fr\/wp-json\/wp\/v2\/types\/page"}],"author":[{"embeddable":true,"href":"https:\/\/thinkbeforeloading.loria.fr\/fr\/wp-json\/wp\/v2\/users\/1965"}],"replies":[{"embeddable":true,"href":"https:\/\/thinkbeforeloading.loria.fr\/fr\/wp-json\/wp\/v2\/comments?post=85"}],"version-history":[{"count":3,"href":"https:\/\/thinkbeforeloading.loria.fr\/fr\/wp-json\/wp\/v2\/pages\/85\/revisions"}],"predecessor-version":[{"id":126,"href":"https:\/\/thinkbeforeloading.loria.fr\/fr\/wp-json\/wp\/v2\/pages\/85\/revisions\/126"}],"wp:attachment":[{"href":"https:\/\/thinkbeforeloading.loria.fr\/fr\/wp-json\/wp\/v2\/media?parent=85"}],"curies":[{"name":"wp","href":"https:\/\/api.w.org\/{rel}","templated":true}]}}