

{"id":81,"date":"2024-01-17T17:36:13","date_gmt":"2024-01-17T16:36:13","guid":{"rendered":"https:\/\/project.inria.fr\/thinkbeforeloading\/?page_id=81"},"modified":"2024-01-18T16:51:32","modified_gmt":"2024-01-18T15:51:32","slug":"lequipe-dorganisation","status":"publish","type":"page","link":"https:\/\/thinkbeforeloading.loria.fr\/fr\/lequipe-dorganisation\/","title":{"rendered":"L&rsquo;\u00e9quipe organisatrice"},"content":{"rendered":"<p>Kar\u00ebn Fort, ma\u00eetresse de conf\u00e9rences Sorbonne Universit\u00e9, chercheuse dans l&rsquo;\u00e9quipe S\u00e9magramme du Loria.<\/p>\n\n\n\n<p>Maxime Amblard, professeur Universit\u00e9 de Lorraine, chercheur dans l&rsquo;\u00e9quipe S\u00e9magramme du Loria<\/p>\n\n\n\n<p>Mathieu d&rsquo;Aquin, professeur Universit\u00e9 de Lorraine, chercheur dans l&rsquo;\u00e9quipe K du Loria<\/p>\n\n\n\n<p>Marc Anderson, post-doctorant Universit\u00e9 de Lorraine dans l&rsquo;\u00e9quipe S\u00e9magramme du Loria<\/p>\n\n\n\n<p>Aurore Coince, charg\u00e9e de projet Universit\u00e9 de Lorraine<\/p>\n\n\n\n<p>Sarah Carter, chercheuse, Universit\u00e9 de Galway, Irlande<\/p>\n\n\n\n<p>Ilaria Tiddi, enseignante-chercheuse, Universit\u00e9 Libre d&rsquo;Amsterdam<\/p>\n\n\n\n<p>Diane Ranville, sc\u00e9nariste, the NEB studio<\/p>","protected":false},"excerpt":{"rendered":"<p>Kar\u00ebn Fort, ma\u00eetresse de conf\u00e9rences Sorbonne Universit\u00e9, chercheuse dans l&rsquo;\u00e9quipe S\u00e9magramme du Loria. Maxime Amblard, professeur Universit\u00e9 de Lorraine, chercheur dans l&rsquo;\u00e9quipe S\u00e9magramme du Loria Mathieu d&rsquo;Aquin, professeur Universit\u00e9 de Lorraine, chercheur dans l&rsquo;\u00e9quipe K du Loria Marc Anderson, post-doctorant Universit\u00e9 de Lorraine dans l&rsquo;\u00e9quipe S\u00e9magramme du Loria Aurore Coince,\u2026<\/p>\n<p> <a class=\"continue-reading-link\" href=\"https:\/\/thinkbeforeloading.loria.fr\/fr\/lequipe-dorganisation\/\"><span>Continue reading<\/span><i class=\"crycon-right-dir\"><\/i><\/a> <\/p>\n","protected":false},"author":1965,"featured_media":0,"parent":0,"menu_order":0,"comment_status":"closed","ping_status":"closed","template":"","meta":{"footnotes":""},"class_list":["post-81","page","type-page","status-publish","hentry"],"_links":{"self":[{"href":"https:\/\/thinkbeforeloading.loria.fr\/fr\/wp-json\/wp\/v2\/pages\/81","targetHints":{"allow":["GET"]}}],"collection":[{"href":"https:\/\/thinkbeforeloading.loria.fr\/fr\/wp-json\/wp\/v2\/pages"}],"about":[{"href":"https:\/\/thinkbeforeloading.loria.fr\/fr\/wp-json\/wp\/v2\/types\/page"}],"author":[{"embeddable":true,"href":"https:\/\/thinkbeforeloading.loria.fr\/fr\/wp-json\/wp\/v2\/users\/1965"}],"replies":[{"embeddable":true,"href":"https:\/\/thinkbeforeloading.loria.fr\/fr\/wp-json\/wp\/v2\/comments?post=81"}],"version-history":[{"count":4,"href":"https:\/\/thinkbeforeloading.loria.fr\/fr\/wp-json\/wp\/v2\/pages\/81\/revisions"}],"predecessor-version":[{"id":129,"href":"https:\/\/thinkbeforeloading.loria.fr\/fr\/wp-json\/wp\/v2\/pages\/81\/revisions\/129"}],"wp:attachment":[{"href":"https:\/\/thinkbeforeloading.loria.fr\/fr\/wp-json\/wp\/v2\/media?parent=81"}],"curies":[{"name":"wp","href":"https:\/\/api.w.org\/{rel}","templated":true}]}}