

{"id":4,"date":"2011-12-08T11:55:34","date_gmt":"2011-12-08T11:55:34","guid":{"rendered":"http:\/\/project.inria.fr\/template1\/?page_id=4"},"modified":"2024-02-19T10:31:33","modified_gmt":"2024-02-19T09:31:33","slug":"home","status":"publish","type":"page","link":"https:\/\/thinkbeforeloading.loria.fr\/fr\/","title":{"rendered":"Ne vous en faites pas, \u00e7a va mal se passer&#8230;"},"content":{"rendered":"<p>Ces six dystopies ont \u00e9t\u00e9 \u00e9crites d\u00e9but novembre 2022 par 23 doctorant\u00b7e\u00b7s en informatique de l\u2019Universit\u00e9 de Lorraine, dans le cadre de la formation doctorale <a href=\"https:\/\/www.loria.fr\/fr\/2022\/09\/explorez-les-enjeux-dethique-de-la-recherche-en-sciences-informatiques-grace-a-la-dystopie\/\" target=\"_blank\" rel=\"noopener\">\u00ab\u00a0\u00c9thique dans les sciences informatiques : \u00e9crivez votre dystopie\u00a0\u00bb<\/a>.<\/p>\n<ul>\n<li>Lisez les dystopies dans leurs versions originales (fran\u00e7ais, anglais et espagnol) en cliquant <a href=\"https:\/\/thinkbeforeloading.loria.fr\/files\/2024\/02\/DYSTOPIES_V0.pdf\" target=\"_blank\" rel=\"noopener\">sur ce lien<\/a>.<br \/><br \/><\/li>\n<li><a href=\"https:\/\/thinkbeforeloading.loria.fr\/files\/2024\/02\/DYSTOPIES_francais_VF.pdf\" target=\"_blank\" rel=\"noopener\">Lisez l&rsquo;ouvrage \u00ab\u00a0Think before loading\u00a0\u00bb en fran\u00e7ais en cliquant sur ce lien.<\/a><\/li>\n<\/ul>\n<p><a href=\"https:\/\/thinkbeforeloading.loria.fr\/files\/2024\/02\/DYSTOPIES_francais_VF.pdf\" target=\"_blank\" rel=\"noopener\"><img loading=\"lazy\" decoding=\"async\" class=\"aligncenter wp-image-90 size-full\" src=\"https:\/\/thinkbeforeloading.loria.fr\/files\/2024\/01\/Dystopies_web.png\" alt=\"\" width=\"500\" height=\"708\" srcset=\"https:\/\/thinkbeforeloading.loria.fr\/files\/2024\/01\/Dystopies_web.png 500w, https:\/\/thinkbeforeloading.loria.fr\/files\/2024\/01\/Dystopies_web-212x300.png 212w, https:\/\/thinkbeforeloading.loria.fr\/files\/2024\/01\/Dystopies_web-106x150.png 106w\" sizes=\"auto, (max-width: 500px) 100vw, 500px\" \/><\/a><\/p>\n<p><em>Elles ont \u00e9t\u00e9 publi\u00e9es sous la licence\u00a0Creative Commons CC BY-NC-ND 4.0 &#8211; \u201cAttribution \u2013 Pas d\u2019utilisation commerciale \u2013 Partage dans les m\u00eames conditions 4.0 International\u201d.<\/em><\/p>\n\n\n<p><br><\/p>","protected":false},"excerpt":{"rendered":"<p>Ces six dystopies ont \u00e9t\u00e9 \u00e9crites d\u00e9but novembre 2022 par 23 doctorant\u00b7e\u00b7s en informatique de l\u2019Universit\u00e9 de Lorraine, dans le cadre de la formation doctorale \u00ab\u00a0\u00c9thique dans les sciences informatiques : \u00e9crivez votre dystopie\u00a0\u00bb. Lisez les dystopies dans leurs versions originales (fran\u00e7ais, anglais et espagnol) en cliquant sur ce lien.\u2026<\/p>\n<p> <a class=\"continue-reading-link\" href=\"https:\/\/thinkbeforeloading.loria.fr\/fr\/\"><span>Continue reading<\/span><i class=\"crycon-right-dir\"><\/i><\/a> <\/p>\n","protected":false},"author":1,"featured_media":0,"parent":0,"menu_order":0,"comment_status":"closed","ping_status":"open","template":"","meta":{"footnotes":""},"class_list":["post-4","page","type-page","status-publish","hentry"],"_links":{"self":[{"href":"https:\/\/thinkbeforeloading.loria.fr\/fr\/wp-json\/wp\/v2\/pages\/4","targetHints":{"allow":["GET"]}}],"collection":[{"href":"https:\/\/thinkbeforeloading.loria.fr\/fr\/wp-json\/wp\/v2\/pages"}],"about":[{"href":"https:\/\/thinkbeforeloading.loria.fr\/fr\/wp-json\/wp\/v2\/types\/page"}],"author":[{"embeddable":true,"href":"https:\/\/thinkbeforeloading.loria.fr\/fr\/wp-json\/wp\/v2\/users\/1"}],"replies":[{"embeddable":true,"href":"https:\/\/thinkbeforeloading.loria.fr\/fr\/wp-json\/wp\/v2\/comments?post=4"}],"version-history":[{"count":42,"href":"https:\/\/thinkbeforeloading.loria.fr\/fr\/wp-json\/wp\/v2\/pages\/4\/revisions"}],"predecessor-version":[{"id":214,"href":"https:\/\/thinkbeforeloading.loria.fr\/fr\/wp-json\/wp\/v2\/pages\/4\/revisions\/214"}],"wp:attachment":[{"href":"https:\/\/thinkbeforeloading.loria.fr\/fr\/wp-json\/wp\/v2\/media?parent=4"}],"curies":[{"name":"wp","href":"https:\/\/api.w.org\/{rel}","templated":true}]}}