

{"id":174,"date":"2024-01-30T16:37:59","date_gmt":"2024-01-30T15:37:59","guid":{"rendered":"https:\/\/thinkbeforeloading.loria.fr\/?page_id=174"},"modified":"2024-01-30T17:15:23","modified_gmt":"2024-01-30T16:15:23","slug":"francais-dispositif","status":"publish","type":"page","link":"https:\/\/thinkbeforeloading.loria.fr\/fr\/francais-dispositif\/","title":{"rendered":"Dispositif"},"content":{"rendered":"<p>Vous trouverez dans ce recueil six nouvelles, en trois langues (2 en fran\u00e7ais, 3 en anglais, 1 en espagnol), ici en fran\u00e7ais, \u00e9crites par 23 doctorant\u00b7e\u00b7s en informatique de l\u2019Universit\u00e9 de Lorraine, dans le cadre d\u2019un marathon d\u2019\u00e9criture de deux jours, d\u00e9but novembre 2022.&nbsp;<\/p>\n\n\n\n<p>Ce marathon d\u2019\u00e9criture \u00e9tait un pari, pas compl\u00e8tement fou, car tiss\u00e9 de fils d\u00e9j\u00e0 \u00e9prouv\u00e9s : les DIY (Do It Yourself) que j\u2019utilise dans le cadre de mes cours sur l\u2019\u00e9thique depuis 2017 et les ateliers Recoding Black Mirror, co-organis\u00e9s par Mathieu d\u2019Aquin de 2017 \u00e0 2019.&nbsp;<\/p>\n\n\n\n<p>Plut\u00f4t que de faire un cours th\u00e9orique sur l\u2019\u00e9thique de l\u2019IA, nous avons propos\u00e9 une approche par la pratique de l\u2019imaginaire. L\u2019\u00e9criture cr\u00e9ative pousse en effet \u00e0 d\u00e9rouler l\u2019histoire jusqu\u2019au bout, \u00e0 d\u00e9velopper les personnages, qui ne sont plus alors de simples chiffres, des abstractions, mais des \u00eatres sensibles.&nbsp;<\/p>\n\n\n\n<p>Isabelle Stengers, philosophe des sciences, a dit lors d\u2019un entretien \u00e0 M\u00e9diapart en f\u00e9vrier 2023 : \u00ab Ce n\u2019est pas de savoir dont ils manquent, c\u2019est d\u2019imagination.\u00bb (<em>https:\/\/www.mediapart.fr\/journal\/culture-et-idees\/030223\/ faut-il-arreter-la-recherche<\/em>). Ce marathon d\u2019\u00e9criture nous a d\u00e9montr\u00e9 que rien n\u2019est plus faux concernant les jeunes chercheu\u00b7r\u00b7se\u00b7s. Ce dont iels manquent, c\u2019est d\u2019espaces pour exprimer leur imaginaire et c\u2019est \u00e0 nous, enseignants, de les cr\u00e9er.\u00a0<\/p>\n\n\n\n<p>L\u2019\u00e9quipe organisatrice (Aurore Coince, Mathieu d\u2019Aquin, Maxime Amblard, Marc Anderson et moi-m\u00eame) a beaucoup travaill\u00e9 sur le dispositif, qui a fonctionn\u00e9 au-del\u00e0 de nos esp\u00e9rances. Celui-ci est centr\u00e9 sur un lieu, si possible un peu isol\u00e9, en tous cas \u00e9loign\u00e9 des laboratoires des doctorant\u00b7e\u00b7s. Ce lieu doit \u00eatre agr\u00e9able, suffisamment grand pour accueillir tout le monde en session pl\u00e9ni\u00e8re et d\u00e9coupable en plusieurs espaces, pour le travail en \u00e9quipes. Il doit permettre \u00e9galement d\u2019y prendre les d\u00e9jeuners et les pauses caf\u00e9. Le Ch\u00e2teau du Montet, site de l\u2019Universit\u00e9 de Lorraine, \u00e9tait parfait pour cela, avec une tr\u00e8s belle salle au rez-de-chauss\u00e9e, attenante \u00e0 un espace d\u00e9tente, et de petites pi\u00e8ces isol\u00e9es les unes des autres au dernier \u00e9tage, \u00e9quip\u00e9es de tableaux blancs.&nbsp;<\/p>\n\n\n\n<p>Nous avons fourni aux \u00e9quipes des post-it de couleurs, des feutres et du papier. Nous avons \u00e9galement cr\u00e9\u00e9 un d\u00e9p\u00f4t Git pour y h\u00e9berger les cr\u00e9ations.&nbsp;<\/p>\n\n\n\n<p>Voil\u00e0 pour l\u2019esprit.<\/p>\n\n\n\n<p>Pour le corps, nous avions pr\u00e9vu des boissons chaudes et demand\u00e9 aux participant\u00b7e\u00b7s d\u2019apporter des g\u00e2teaux faits maison. Chacun pouvait descendre refaire le plein n\u2019importe quand pendant la journ\u00e9e, s\u2019installer sur un canap\u00e9 et discuter avec nous. Ainsi, tout \u00e9tait centralis\u00e9 dans un m\u00eame espace chaleureux, un peu isol\u00e9 du monde habituel, limitant les tentations de dispersion et favorisant les interactions.&nbsp;<\/p>\n\n\n\n<p>Les interventions th\u00e9oriques ont \u00e9t\u00e9 limit\u00e9es au minimum et ont eu lieu en d\u00e9but de matin\u00e9e, le premier jour. Apr\u00e8s une courte introduction sur le d\u00e9roul\u00e9 des deux jours, j\u2019ai survol\u00e9 en 30 minutes les bases philosophiques de l\u2019\u00e9thique, puis Sarah Carter a pr\u00e9sent\u00e9 un cas d\u2019\u00e9tude (30 minutes) et Ilaria Tiddi a parl\u00e9 de l\u2019exp\u00e9rience Re-coding Black Mirror (30 minutes). Pendant la pause caf\u00e9 qui a suivi, les participant\u00b7e\u00b7s se sont r\u00e9parti\u00b7e\u00b7s en groupes et se sont ensuite install\u00e9\u00b7e\u00b7s dans leur pi\u00e8ce. Iels ont choisi leur sujet (nous en avions de pr\u00e9vu en cas de panne d\u2019inspiration, mais ils n\u2019ont pas servi) et l\u2019ont annonc\u00e9 \u00e0 tout le monde avant le d\u00e9jeuner. L\u2019apr\u00e8s-midi du premier jour a consist\u00e9 en la construction du sc\u00e9nario \u00e9thique. Nous \u00e9tions disponibles en cas de question et passions r\u00e9guli\u00e8rement dans les groupes, pour les pousser \u00e0 creuser les sujets ou tout simplement les encourager.&nbsp;<\/p>\n\n\n\n<p>Le lendemain, Diane Ranville, formatrice en \u00e9criture cr\u00e9ative, est intervenue pendant une heure pour leur donner les outils n\u00e9cessaires \u00e0 leur production et le reste de la journ\u00e9e \u00e0 \u00e9t\u00e9 consacr\u00e9 \u00e0 l\u2019\u00e9criture. L\u2019aide de Diane a \u00e9t\u00e9 pr\u00e9cieuse tout au long de la formation, pour d\u00e9bloquer certaines situations narratives et donner confiance aux doctorant\u00b7e\u00b7s.&nbsp;<\/p>\n\n\n\n<p>Enfin, en fin de journ\u00e9e, le deuxi\u00e8me jour, chaque groupe a pr\u00e9sent\u00e9 sa cr\u00e9ation \u00e0 tout le monde, soit en la lisant int\u00e9gralement, soit en se limitant au d\u00e9but, pendant 10 minutes. Ce fut un tr\u00e8s beau moment, \u00e9mouvant et tr\u00e8s bienveillant. Nous avons tou\u00b7te\u00b7s \u00e9t\u00e9 surpris\u00b7es de la qualit\u00e9 et de la vari\u00e9t\u00e9 des productions, qui sont non seulement de v\u00e9ritables p\u00e9pites de r\u00e9flexion \u00e9thique, mais surtout de tr\u00e8s belles et \u00e9tonnantes histoires.&nbsp;<\/p>\n\n\n\n<p>Les retours des doctorant\u00b7e\u00b7s ont \u00e9t\u00e9 unanimement positifs, iels ont visiblement appr\u00e9ci\u00e9 ces deux jours et l\u2019\u00e9criture cr\u00e9ative leur a permis de rendre les questions \u00e9thiques plus vivantes et de les approfondir. Plus important encore, iels sont fi\u00e8r\u00b7e\u00b7s de leurs productions, qu\u2019iels partagent ici avec vous avec enthousiasme, en esp\u00e9rant que vous prendrez autant de plaisir \u00e0 les lire qu\u2019iels en ont pris \u00e0 les \u00e9crire et nous \u00e0 les voir \u00e9clore.&nbsp;<\/p>\n\n\n\n<p>Kar\u00ebn Fort, Ma\u00eetresse de conf\u00e9rences Sorbonne Universit\u00e9, chercheuse dans l\u2019\u00e9quipe S\u00e9magramme du Loria (CNRS, Inria, Universit\u00e9 de Lorraine).&nbsp;<\/p>\n\n\n\n<ul class=\"wp-block-gallery columns-3 is-cropped wp-block-gallery-1 is-layout-flex wp-block-gallery-is-layout-flex\"><li class=\"blocks-gallery-item\"><figure><img loading=\"lazy\" decoding=\"async\" width=\"1024\" height=\"683\" src=\"https:\/\/thinkbeforeloading.loria.fr\/files\/2024\/01\/IMG_3219_small-1024x683.jpg\" alt=\"\" data-id=\"185\" data-link=\"https:\/\/thinkbeforeloading.loria.fr\/francais-dispositif\/img_3219_small\/\" class=\"wp-image-185\" srcset=\"https:\/\/thinkbeforeloading.loria.fr\/files\/2024\/01\/IMG_3219_small-1024x683.jpg 1024w, https:\/\/thinkbeforeloading.loria.fr\/files\/2024\/01\/IMG_3219_small-300x200.jpg 300w, https:\/\/thinkbeforeloading.loria.fr\/files\/2024\/01\/IMG_3219_small-768x512.jpg 768w, https:\/\/thinkbeforeloading.loria.fr\/files\/2024\/01\/IMG_3219_small-1536x1024.jpg 1536w, https:\/\/thinkbeforeloading.loria.fr\/files\/2024\/01\/IMG_3219_small-2048x1366.jpg 2048w, https:\/\/thinkbeforeloading.loria.fr\/files\/2024\/01\/IMG_3219_small-150x100.jpg 150w\" sizes=\"auto, (max-width: 1024px) 100vw, 1024px\" \/><figcaption>Introduction : bases philosophiques, \u00e9tude de cas<\/figcaption><\/figure><\/li><li class=\"blocks-gallery-item\"><figure><img loading=\"lazy\" decoding=\"async\" width=\"1024\" height=\"683\" src=\"https:\/\/thinkbeforeloading.loria.fr\/files\/2024\/01\/IMG_3090_small-1024x683.jpg\" alt=\"\" data-id=\"178\" data-link=\"https:\/\/thinkbeforeloading.loria.fr\/francais-dispositif\/img_3090_small\/\" class=\"wp-image-178\" srcset=\"https:\/\/thinkbeforeloading.loria.fr\/files\/2024\/01\/IMG_3090_small-1024x683.jpg 1024w, https:\/\/thinkbeforeloading.loria.fr\/files\/2024\/01\/IMG_3090_small-300x200.jpg 300w, https:\/\/thinkbeforeloading.loria.fr\/files\/2024\/01\/IMG_3090_small-768x512.jpg 768w, https:\/\/thinkbeforeloading.loria.fr\/files\/2024\/01\/IMG_3090_small-1536x1024.jpg 1536w, https:\/\/thinkbeforeloading.loria.fr\/files\/2024\/01\/IMG_3090_small-2048x1366.jpg 2048w, https:\/\/thinkbeforeloading.loria.fr\/files\/2024\/01\/IMG_3090_small-150x100.jpg 150w\" sizes=\"auto, (max-width: 1024px) 100vw, 1024px\" \/><figcaption>R\u00e9flexions \u00e9thiques en groupe<\/figcaption><\/figure><\/li><li class=\"blocks-gallery-item\"><figure><img loading=\"lazy\" decoding=\"async\" width=\"1024\" height=\"683\" src=\"https:\/\/thinkbeforeloading.loria.fr\/files\/2024\/01\/IMG_3099_small-1024x683.jpg\" alt=\"\" data-id=\"179\" data-link=\"https:\/\/thinkbeforeloading.loria.fr\/francais-dispositif\/img_3099_small\/\" class=\"wp-image-179\" srcset=\"https:\/\/thinkbeforeloading.loria.fr\/files\/2024\/01\/IMG_3099_small-1024x683.jpg 1024w, https:\/\/thinkbeforeloading.loria.fr\/files\/2024\/01\/IMG_3099_small-300x200.jpg 300w, https:\/\/thinkbeforeloading.loria.fr\/files\/2024\/01\/IMG_3099_small-768x512.jpg 768w, https:\/\/thinkbeforeloading.loria.fr\/files\/2024\/01\/IMG_3099_small-1536x1024.jpg 1536w, https:\/\/thinkbeforeloading.loria.fr\/files\/2024\/01\/IMG_3099_small-2048x1366.jpg 2048w, https:\/\/thinkbeforeloading.loria.fr\/files\/2024\/01\/IMG_3099_small-150x100.jpg 150w\" sizes=\"auto, (max-width: 1024px) 100vw, 1024px\" \/><figcaption>Discussion sur les sujets de recherche et leurs questions \u00e9thiques<\/figcaption><\/figure><\/li><li class=\"blocks-gallery-item\"><figure><img loading=\"lazy\" decoding=\"async\" width=\"1024\" height=\"683\" src=\"https:\/\/thinkbeforeloading.loria.fr\/files\/2024\/01\/IMG_3145_small-1024x683.jpg\" alt=\"\" data-id=\"182\" data-link=\"https:\/\/thinkbeforeloading.loria.fr\/francais-dispositif\/img_3145_small\/\" class=\"wp-image-182\" srcset=\"https:\/\/thinkbeforeloading.loria.fr\/files\/2024\/01\/IMG_3145_small-1024x683.jpg 1024w, https:\/\/thinkbeforeloading.loria.fr\/files\/2024\/01\/IMG_3145_small-300x200.jpg 300w, https:\/\/thinkbeforeloading.loria.fr\/files\/2024\/01\/IMG_3145_small-768x512.jpg 768w, https:\/\/thinkbeforeloading.loria.fr\/files\/2024\/01\/IMG_3145_small-1536x1024.jpg 1536w, https:\/\/thinkbeforeloading.loria.fr\/files\/2024\/01\/IMG_3145_small-2048x1366.jpg 2048w, https:\/\/thinkbeforeloading.loria.fr\/files\/2024\/01\/IMG_3145_small-150x100.jpg 150w\" sizes=\"auto, (max-width: 1024px) 100vw, 1024px\" \/><figcaption>Pr\u00e9sentation des sujets choisis<\/figcaption><\/figure><\/li><li class=\"blocks-gallery-item\"><figure><img loading=\"lazy\" decoding=\"async\" width=\"1024\" height=\"683\" src=\"https:\/\/thinkbeforeloading.loria.fr\/files\/2024\/01\/IMG_3122_small-1024x683.jpg\" alt=\"\" data-id=\"180\" data-link=\"https:\/\/thinkbeforeloading.loria.fr\/francais-dispositif\/img_3122_small\/\" class=\"wp-image-180\" srcset=\"https:\/\/thinkbeforeloading.loria.fr\/files\/2024\/01\/IMG_3122_small-1024x683.jpg 1024w, https:\/\/thinkbeforeloading.loria.fr\/files\/2024\/01\/IMG_3122_small-300x200.jpg 300w, https:\/\/thinkbeforeloading.loria.fr\/files\/2024\/01\/IMG_3122_small-768x512.jpg 768w, https:\/\/thinkbeforeloading.loria.fr\/files\/2024\/01\/IMG_3122_small-1536x1024.jpg 1536w, https:\/\/thinkbeforeloading.loria.fr\/files\/2024\/01\/IMG_3122_small-2048x1366.jpg 2048w, https:\/\/thinkbeforeloading.loria.fr\/files\/2024\/01\/IMG_3122_small-150x100.jpg 150w\" sizes=\"auto, (max-width: 1024px) 100vw, 1024px\" \/><figcaption>Pr\u00e9paration du sc\u00e9nario<\/figcaption><\/figure><\/li><li class=\"blocks-gallery-item\"><figure><img loading=\"lazy\" decoding=\"async\" width=\"1024\" height=\"683\" src=\"https:\/\/thinkbeforeloading.loria.fr\/files\/2024\/01\/IMG_3138_small-1024x683.jpg\" alt=\"\" data-id=\"181\" data-link=\"https:\/\/thinkbeforeloading.loria.fr\/francais-dispositif\/img_3138_small\/\" class=\"wp-image-181\" srcset=\"https:\/\/thinkbeforeloading.loria.fr\/files\/2024\/01\/IMG_3138_small-1024x683.jpg 1024w, https:\/\/thinkbeforeloading.loria.fr\/files\/2024\/01\/IMG_3138_small-300x200.jpg 300w, https:\/\/thinkbeforeloading.loria.fr\/files\/2024\/01\/IMG_3138_small-768x512.jpg 768w, https:\/\/thinkbeforeloading.loria.fr\/files\/2024\/01\/IMG_3138_small-1536x1024.jpg 1536w, https:\/\/thinkbeforeloading.loria.fr\/files\/2024\/01\/IMG_3138_small-2048x1366.jpg 2048w, https:\/\/thinkbeforeloading.loria.fr\/files\/2024\/01\/IMG_3138_small-150x100.jpg 150w\" sizes=\"auto, (max-width: 1024px) 100vw, 1024px\" \/><figcaption>\u00c9changes sur le sc\u00e9nario<\/figcaption><\/figure><\/li><li class=\"blocks-gallery-item\"><figure><img loading=\"lazy\" decoding=\"async\" width=\"1024\" height=\"683\" src=\"https:\/\/thinkbeforeloading.loria.fr\/files\/2024\/01\/IMG_3196_small-1024x683.jpg\" alt=\"\" data-id=\"186\" data-link=\"https:\/\/thinkbeforeloading.loria.fr\/francais-dispositif\/img_3196_small\/\" class=\"wp-image-186\" srcset=\"https:\/\/thinkbeforeloading.loria.fr\/files\/2024\/01\/IMG_3196_small-1024x683.jpg 1024w, https:\/\/thinkbeforeloading.loria.fr\/files\/2024\/01\/IMG_3196_small-300x200.jpg 300w, https:\/\/thinkbeforeloading.loria.fr\/files\/2024\/01\/IMG_3196_small-768x512.jpg 768w, https:\/\/thinkbeforeloading.loria.fr\/files\/2024\/01\/IMG_3196_small-1536x1024.jpg 1536w, https:\/\/thinkbeforeloading.loria.fr\/files\/2024\/01\/IMG_3196_small-2048x1366.jpg 2048w, https:\/\/thinkbeforeloading.loria.fr\/files\/2024\/01\/IMG_3196_small-150x100.jpg 150w\" sizes=\"auto, (max-width: 1024px) 100vw, 1024px\" \/><figcaption>Choix du d\u00e9bat moral, des personnages, des rebondissements&#8230;<\/figcaption><\/figure><\/li><li class=\"blocks-gallery-item\"><figure><img loading=\"lazy\" decoding=\"async\" width=\"1024\" height=\"683\" src=\"https:\/\/thinkbeforeloading.loria.fr\/files\/2024\/01\/IMG_3177_small-1024x683.jpg\" alt=\"\" data-id=\"187\" data-link=\"https:\/\/thinkbeforeloading.loria.fr\/francais-dispositif\/img_3177_small\/\" class=\"wp-image-187\" srcset=\"https:\/\/thinkbeforeloading.loria.fr\/files\/2024\/01\/IMG_3177_small-1024x683.jpg 1024w, https:\/\/thinkbeforeloading.loria.fr\/files\/2024\/01\/IMG_3177_small-300x200.jpg 300w, https:\/\/thinkbeforeloading.loria.fr\/files\/2024\/01\/IMG_3177_small-768x512.jpg 768w, https:\/\/thinkbeforeloading.loria.fr\/files\/2024\/01\/IMG_3177_small-1536x1024.jpg 1536w, https:\/\/thinkbeforeloading.loria.fr\/files\/2024\/01\/IMG_3177_small-2048x1366.jpg 2048w, https:\/\/thinkbeforeloading.loria.fr\/files\/2024\/01\/IMG_3177_small-150x100.jpg 150w\" sizes=\"auto, (max-width: 1024px) 100vw, 1024px\" \/><figcaption>Discussions sur la structure narrative<\/figcaption><\/figure><\/li><li class=\"blocks-gallery-item\"><figure><img loading=\"lazy\" decoding=\"async\" width=\"1024\" height=\"683\" src=\"https:\/\/thinkbeforeloading.loria.fr\/files\/2024\/01\/IMG_3158_small-1024x683.jpg\" alt=\"\" data-id=\"184\" data-link=\"https:\/\/thinkbeforeloading.loria.fr\/francais-dispositif\/img_3158_small\/\" class=\"wp-image-184\" srcset=\"https:\/\/thinkbeforeloading.loria.fr\/files\/2024\/01\/IMG_3158_small-1024x683.jpg 1024w, https:\/\/thinkbeforeloading.loria.fr\/files\/2024\/01\/IMG_3158_small-300x200.jpg 300w, https:\/\/thinkbeforeloading.loria.fr\/files\/2024\/01\/IMG_3158_small-768x512.jpg 768w, https:\/\/thinkbeforeloading.loria.fr\/files\/2024\/01\/IMG_3158_small-1536x1024.jpg 1536w, https:\/\/thinkbeforeloading.loria.fr\/files\/2024\/01\/IMG_3158_small-2048x1366.jpg 2048w, https:\/\/thinkbeforeloading.loria.fr\/files\/2024\/01\/IMG_3158_small-150x100.jpg 150w\" sizes=\"auto, (max-width: 1024px) 100vw, 1024px\" \/><figcaption>Partage des r\u00e9cits avec l&rsquo;ensemble du groupe<\/figcaption><\/figure><\/li><\/ul>","protected":false},"excerpt":{"rendered":"<p>Vous trouverez dans ce recueil six nouvelles, en trois langues (2 en fran\u00e7ais, 3 en anglais, 1 en espagnol), ici en fran\u00e7ais, \u00e9crites par 23 doctorant\u00b7e\u00b7s en informatique de l\u2019Universit\u00e9 de Lorraine, dans le cadre d\u2019un marathon d\u2019\u00e9criture de deux jours, d\u00e9but novembre 2022.&nbsp; Ce marathon d\u2019\u00e9criture \u00e9tait un pari,\u2026<\/p>\n<p> <a class=\"continue-reading-link\" href=\"https:\/\/thinkbeforeloading.loria.fr\/fr\/francais-dispositif\/\"><span>Continue reading<\/span><i class=\"crycon-right-dir\"><\/i><\/a> <\/p>\n","protected":false},"author":1965,"featured_media":0,"parent":0,"menu_order":0,"comment_status":"closed","ping_status":"closed","template":"","meta":{"footnotes":""},"class_list":["post-174","page","type-page","status-publish","hentry"],"_links":{"self":[{"href":"https:\/\/thinkbeforeloading.loria.fr\/fr\/wp-json\/wp\/v2\/pages\/174","targetHints":{"allow":["GET"]}}],"collection":[{"href":"https:\/\/thinkbeforeloading.loria.fr\/fr\/wp-json\/wp\/v2\/pages"}],"about":[{"href":"https:\/\/thinkbeforeloading.loria.fr\/fr\/wp-json\/wp\/v2\/types\/page"}],"author":[{"embeddable":true,"href":"https:\/\/thinkbeforeloading.loria.fr\/fr\/wp-json\/wp\/v2\/users\/1965"}],"replies":[{"embeddable":true,"href":"https:\/\/thinkbeforeloading.loria.fr\/fr\/wp-json\/wp\/v2\/comments?post=174"}],"version-history":[{"count":2,"href":"https:\/\/thinkbeforeloading.loria.fr\/fr\/wp-json\/wp\/v2\/pages\/174\/revisions"}],"predecessor-version":[{"id":189,"href":"https:\/\/thinkbeforeloading.loria.fr\/fr\/wp-json\/wp\/v2\/pages\/174\/revisions\/189"}],"wp:attachment":[{"href":"https:\/\/thinkbeforeloading.loria.fr\/fr\/wp-json\/wp\/v2\/media?parent=174"}],"curies":[{"name":"wp","href":"https:\/\/api.w.org\/{rel}","templated":true}]}}