

{"id":142,"date":"2024-01-19T10:59:35","date_gmt":"2024-01-19T09:59:35","guid":{"rendered":"https:\/\/thinkbeforeloading.loria.fr\/?page_id=142"},"modified":"2024-01-19T11:19:08","modified_gmt":"2024-01-19T10:19:08","slug":"partners","status":"publish","type":"page","link":"https:\/\/thinkbeforeloading.loria.fr\/fr\/partners\/","title":{"rendered":"Partenaires"},"content":{"rendered":"<p>La formation doctorale \u00ab\u00a0\u00c9thique dans les sciences informatiques : \u00e9crivez votre dystopie\u00a0\u00bb a eu lieu les 3 et 4 novembre 2022 au Ch\u00e2teau du Montet (site de l&rsquo;Universit\u00e9 de Lorraine), de Villers-l\u00e8s-Nancy.<\/p>\n\n\n\n<p>Elle a \u00e9t\u00e9 financ\u00e9e par le Loria, le projet Lorraine Universit\u00e9 d&rsquo;Excellence IMPACT OLKi et l&rsquo;\u00c9cole doctorale IAEM.<\/p>\n\n\n\n<p>Nous tenons \u00e0 remercier nos partenaires pour l&rsquo;\u00e9dition de ce recueil : le CNRS, Inria, l&rsquo;Universit\u00e9 de Lorraine, Science avec et pour la soci\u00e9t\u00e9 (SAPS), les Biblioth\u00e8ques Universitaires de l&rsquo;Universit\u00e9 de Lorraine, ainsi que le d\u00e9partement 4 \u00ab\u00a0Traitement automatique des langues et des connaissances\u00a0\u00bb du Loria, l&rsquo;INIST et les \u00e9tudiants du Master TeTRA (Technologies de la traduction) de l&rsquo;Universit\u00e9 de Lorraine.<\/p>\n\n\n\n<p>Les six nouvelles ont \u00e9t\u00e9 \u00e9crites sous la licence Creative Commons CC BY-NC-ND 4.0 &#8211; \u00ab\u00a0Attribution &#8211; Pas d&rsquo;utilisation commerciale &#8211; Partage dans les m\u00eames conditions 4.0 International.\u00a0\u00bb<\/p>","protected":false},"excerpt":{"rendered":"<p>La formation doctorale \u00ab\u00a0\u00c9thique dans les sciences informatiques : \u00e9crivez votre dystopie\u00a0\u00bb a eu lieu les 3 et 4 novembre 2022 au Ch\u00e2teau du Montet (site de l&rsquo;Universit\u00e9 de Lorraine), de Villers-l\u00e8s-Nancy. Elle a \u00e9t\u00e9 financ\u00e9e par le Loria, le projet Lorraine Universit\u00e9 d&rsquo;Excellence IMPACT OLKi et l&rsquo;\u00c9cole doctorale IAEM.\u2026<\/p>\n<p> <a class=\"continue-reading-link\" href=\"https:\/\/thinkbeforeloading.loria.fr\/fr\/partners\/\"><span>Continue reading<\/span><i class=\"crycon-right-dir\"><\/i><\/a> <\/p>\n","protected":false},"author":1965,"featured_media":0,"parent":0,"menu_order":0,"comment_status":"closed","ping_status":"closed","template":"","meta":{"footnotes":""},"class_list":["post-142","page","type-page","status-publish","hentry"],"_links":{"self":[{"href":"https:\/\/thinkbeforeloading.loria.fr\/fr\/wp-json\/wp\/v2\/pages\/142","targetHints":{"allow":["GET"]}}],"collection":[{"href":"https:\/\/thinkbeforeloading.loria.fr\/fr\/wp-json\/wp\/v2\/pages"}],"about":[{"href":"https:\/\/thinkbeforeloading.loria.fr\/fr\/wp-json\/wp\/v2\/types\/page"}],"author":[{"embeddable":true,"href":"https:\/\/thinkbeforeloading.loria.fr\/fr\/wp-json\/wp\/v2\/users\/1965"}],"replies":[{"embeddable":true,"href":"https:\/\/thinkbeforeloading.loria.fr\/fr\/wp-json\/wp\/v2\/comments?post=142"}],"version-history":[{"count":2,"href":"https:\/\/thinkbeforeloading.loria.fr\/fr\/wp-json\/wp\/v2\/pages\/142\/revisions"}],"predecessor-version":[{"id":145,"href":"https:\/\/thinkbeforeloading.loria.fr\/fr\/wp-json\/wp\/v2\/pages\/142\/revisions\/145"}],"wp:attachment":[{"href":"https:\/\/thinkbeforeloading.loria.fr\/fr\/wp-json\/wp\/v2\/media?parent=142"}],"curies":[{"name":"wp","href":"https:\/\/api.w.org\/{rel}","templated":true}]}}